{"id":1271,"date":"2025-12-23T13:06:18","date_gmt":"2025-12-23T13:06:18","guid":{"rendered":"https:\/\/www.cipemu.org.uy\/?page_id=1271"},"modified":"2025-12-23T15:46:21","modified_gmt":"2025-12-23T15:46:21","slug":"institucional-2","status":"publish","type":"page","link":"https:\/\/www.cipemu.org.uy\/?page_id=1271","title":{"rendered":"Institucional 2025"},"content":{"rendered":"\t\t<div data-elementor-type=\"wp-page\" data-elementor-id=\"1271\" class=\"elementor elementor-1271\" data-elementor-post-type=\"page\">\n\t\t\t\t\t\t<section class=\"elementor-section elementor-top-section elementor-element elementor-element-082db7f elementor-section-full_width elementor-section-height-default elementor-section-height-default elementor-invisible\" data-id=\"082db7f\" data-element_type=\"section\" data-settings=\"{&quot;animation&quot;:&quot;fadeIn&quot;}\">\n\t\t\t\t\t\t<div class=\"elementor-container elementor-column-gap-no\">\n\t\t\t\t\t<div class=\"elementor-column elementor-col-100 elementor-top-column elementor-element elementor-element-18802e5 elementor-hidden-tablet\" data-id=\"18802e5\" data-element_type=\"column\">\n\t\t\t<div class=\"elementor-widget-wrap elementor-element-populated\">\n\t\t\t\t\t\t<div class=\"elementor-element elementor-element-1ecc241 elementor-hidden-tablet elementor-hidden-mobile elementor-widget elementor-widget-image\" data-id=\"1ecc241\" data-element_type=\"widget\" data-widget_type=\"image.default\">\n\t\t\t\t<div class=\"elementor-widget-container\">\n\t\t\t\t\t\t\t\t\t\t\t\t\t\t\t<img fetchpriority=\"high\" decoding=\"async\" width=\"1921\" height=\"336\" src=\"https:\/\/www.cipemu.org.uy\/wp-content\/uploads\/2025\/12\/Banners_Header-Quienes-somos-1.jpg\" class=\"attachment-full size-full wp-image-1369\" alt=\"\" srcset=\"https:\/\/www.cipemu.org.uy\/wp-content\/uploads\/2025\/12\/Banners_Header-Quienes-somos-1.jpg 1921w, https:\/\/www.cipemu.org.uy\/wp-content\/uploads\/2025\/12\/Banners_Header-Quienes-somos-1-300x52.jpg 300w, https:\/\/www.cipemu.org.uy\/wp-content\/uploads\/2025\/12\/Banners_Header-Quienes-somos-1-1024x179.jpg 1024w, https:\/\/www.cipemu.org.uy\/wp-content\/uploads\/2025\/12\/Banners_Header-Quienes-somos-1-768x134.jpg 768w, https:\/\/www.cipemu.org.uy\/wp-content\/uploads\/2025\/12\/Banners_Header-Quienes-somos-1-1536x269.jpg 1536w\" sizes=\"(max-width: 1921px) 100vw, 1921px\" \/>\t\t\t\t\t\t\t\t\t\t\t\t\t\t\t<\/div>\n\t\t\t\t<\/div>\n\t\t\t\t\t<\/div>\n\t\t<\/div>\n\t\t\t\t\t<\/div>\n\t\t<\/section>\n\t\t\t\t<section class=\"elementor-section elementor-top-section elementor-element elementor-element-ca12ea3 elementor-section-full_width elementor-section-height-default elementor-section-height-default\" data-id=\"ca12ea3\" data-element_type=\"section\" data-settings=\"{&quot;animation_mobile&quot;:&quot;fadeIn&quot;}\">\n\t\t\t\t\t\t<div class=\"elementor-container elementor-column-gap-no\">\n\t\t\t\t\t<div class=\"elementor-column elementor-col-100 elementor-top-column elementor-element elementor-element-86207e7\" data-id=\"86207e7\" data-element_type=\"column\">\n\t\t\t<div class=\"elementor-widget-wrap elementor-element-populated\">\n\t\t\t\t\t\t<div class=\"elementor-element elementor-element-ed1099d elementor-hidden-desktop elementor-widget elementor-widget-image\" data-id=\"ed1099d\" data-element_type=\"widget\" data-widget_type=\"image.default\">\n\t\t\t\t<div class=\"elementor-widget-container\">\n\t\t\t\t\t\t\t\t\t\t\t\t\t\t\t<img decoding=\"async\" width=\"800\" height=\"140\" src=\"https:\/\/www.cipemu.org.uy\/wp-content\/uploads\/2025\/12\/Banners_Header-Quienes-somos-MOVIL-1-1024x179.jpg\" class=\"attachment-large size-large wp-image-1368\" alt=\"\" srcset=\"https:\/\/www.cipemu.org.uy\/wp-content\/uploads\/2025\/12\/Banners_Header-Quienes-somos-MOVIL-1-1024x179.jpg 1024w, https:\/\/www.cipemu.org.uy\/wp-content\/uploads\/2025\/12\/Banners_Header-Quienes-somos-MOVIL-1-300x52.jpg 300w, https:\/\/www.cipemu.org.uy\/wp-content\/uploads\/2025\/12\/Banners_Header-Quienes-somos-MOVIL-1-768x134.jpg 768w, https:\/\/www.cipemu.org.uy\/wp-content\/uploads\/2025\/12\/Banners_Header-Quienes-somos-MOVIL-1-1536x269.jpg 1536w, https:\/\/www.cipemu.org.uy\/wp-content\/uploads\/2025\/12\/Banners_Header-Quienes-somos-MOVIL-1.jpg 1921w\" sizes=\"(max-width: 800px) 100vw, 800px\" \/>\t\t\t\t\t\t\t\t\t\t\t\t\t\t\t<\/div>\n\t\t\t\t<\/div>\n\t\t\t\t\t<\/div>\n\t\t<\/div>\n\t\t\t\t\t<\/div>\n\t\t<\/section>\n\t\t\t\t<section class=\"elementor-section elementor-top-section elementor-element elementor-element-7ab46dc8 elementor-section-content-middle elementor-section-boxed elementor-section-height-default elementor-section-height-default elementor-invisible\" data-id=\"7ab46dc8\" data-element_type=\"section\" data-settings=\"{&quot;animation&quot;:&quot;fadeInUp&quot;,&quot;animation_delay&quot;:100}\">\n\t\t\t\t\t\t\t<div class=\"elementor-background-overlay\"><\/div>\n\t\t\t\t\t\t\t<div class=\"elementor-container elementor-column-gap-no\">\n\t\t\t\t\t<div class=\"elementor-column elementor-col-100 elementor-top-column elementor-element elementor-element-acad1dd\" data-id=\"acad1dd\" data-element_type=\"column\">\n\t\t\t<div class=\"elementor-widget-wrap elementor-element-populated\">\n\t\t\t\t\t\t<div class=\"elementor-element elementor-element-d90678d elementor-widget elementor-widget-text-editor\" data-id=\"d90678d\" data-element_type=\"widget\" data-widget_type=\"text-editor.default\">\n\t\t\t\t<div class=\"elementor-widget-container\">\n\t\t\t\t\t\t\t\t\t<p><b><span style=\"font-weight: bold; letter-spacing: 0px; word-spacing: 0em;\">\u00bfQui\u00e9nes somos?<\/span><\/b><\/p>\n<p>Somos la Comunidad Israelita de Punta del Este, Maldonado, Uruguay.<\/p>\n<p>Fruto del sue\u00f1o de unos pocos audaces, la Comunidad vi\u00f3 la luz en plena crisis del a\u00f1o 2002 y de all\u00ed en adelante, se ha convertido en un espacio de interacci\u00f3n y referencia para los jud\u00edos que tienen a Maldonado como uno de sus lugares de base en el mundo, sea para vivir o como vacaciones.<\/p>\n<p>Nuestro objetivo es permitir que el ciclo de vida jud\u00edo se pueda cumplir en todos sus aspectos y todas sus fases, y que la Comunidad sea un espacio de crecimiento para todos quienes por una raz\u00f3n u otra, est\u00e9n en ella.<\/p>\n<p><span style=\"font-weight: bold; letter-spacing: 0px; word-spacing: 0em;\">\u00bfQu\u00e9 hacemos?<\/span><span style=\"font-size: 16px; letter-spacing: 0px; word-spacing: 0em;\"><br><\/span><\/p>\n<p>A trav\u00e9s de espacios diferenciados por inter\u00e9s y franjas etarias, CIPEMU provee servicios que alientan la conformaci\u00f3n de una identidad jud\u00eda, retroalimentada por todos y cada uno de sus miembros.<\/p>\n<p>El desaf\u00edo actual es acoger e integrar a todos los que se est\u00e9n sumando a nuestra Comunidad en el presente y futuro pr\u00f3ximo.<\/p>\t\t\t\t\t\t\t\t<\/div>\n\t\t\t\t<\/div>\n\t\t\t\t\t<\/div>\n\t\t<\/div>\n\t\t\t\t\t<\/div>\n\t\t<\/section>\n\t\t\t\t<section class=\"elementor-section elementor-top-section elementor-element elementor-element-c5ca3fe elementor-section-content-middle animated-slow elementor-hidden-desktop elementor-hidden-tablet elementor-hidden-mobile elementor-section-boxed elementor-section-height-default elementor-section-height-default elementor-invisible\" data-id=\"c5ca3fe\" data-element_type=\"section\" data-settings=\"{&quot;animation&quot;:&quot;fadeIn&quot;,&quot;animation_delay&quot;:800}\">\n\t\t\t\t\t\t\t<div class=\"elementor-background-overlay\"><\/div>\n\t\t\t\t\t\t\t<div class=\"elementor-container elementor-column-gap-no\">\n\t\t\t\t\t<div class=\"elementor-column elementor-col-100 elementor-top-column elementor-element elementor-element-b9c59d3\" data-id=\"b9c59d3\" data-element_type=\"column\">\n\t\t\t<div class=\"elementor-widget-wrap elementor-element-populated\">\n\t\t\t\t\t\t<div class=\"elementor-element elementor-element-16f6a6d elementor-invisible elementor-widget elementor-widget-text-editor\" data-id=\"16f6a6d\" data-element_type=\"widget\" data-settings=\"{&quot;_animation&quot;:&quot;fadeIn&quot;}\" data-widget_type=\"text-editor.default\">\n\t\t\t\t<div class=\"elementor-widget-container\">\n\t\t\t\t\t\t\t\t\t<p><a href=\"https:\/\/www.cipemu.org.uy\/?page_id=365\" data-wplink-url-error=\"true\">COMISI\u00d3N DIRECTIVA<\/a><\/p>\t\t\t\t\t\t\t\t<\/div>\n\t\t\t\t<\/div>\n\t\t\t\t\t<\/div>\n\t\t<\/div>\n\t\t\t\t\t<\/div>\n\t\t<\/section>\n\t\t\t\t<section class=\"elementor-section elementor-top-section elementor-element elementor-element-174b856 elementor-section-boxed elementor-section-height-default elementor-section-height-default elementor-invisible\" data-id=\"174b856\" data-element_type=\"section\" data-settings=\"{&quot;background_background&quot;:&quot;classic&quot;,&quot;animation&quot;:&quot;fadeInUp&quot;}\">\n\t\t\t\t\t\t<div class=\"elementor-container elementor-column-gap-default\">\n\t\t\t\t\t<div class=\"elementor-column elementor-col-33 elementor-top-column elementor-element elementor-element-6ffffa5\" data-id=\"6ffffa5\" data-element_type=\"column\">\n\t\t\t<div class=\"elementor-widget-wrap elementor-element-populated\">\n\t\t\t\t\t\t<div class=\"elementor-element elementor-element-063ec6f elementor-widget elementor-widget-image\" data-id=\"063ec6f\" data-element_type=\"widget\" data-widget_type=\"image.default\">\n\t\t\t\t<div class=\"elementor-widget-container\">\n\t\t\t\t\t\t\t\t\t\t\t\t\t\t\t<img decoding=\"async\" width=\"300\" height=\"97\" src=\"https:\/\/www.cipemu.org.uy\/wp-content\/uploads\/2025\/12\/horizontal-blanco-300x97.png\" class=\"attachment-medium size-medium wp-image-1380\" alt=\"\" srcset=\"https:\/\/www.cipemu.org.uy\/wp-content\/uploads\/2025\/12\/horizontal-blanco-300x97.png 300w, https:\/\/www.cipemu.org.uy\/wp-content\/uploads\/2025\/12\/horizontal-blanco-1024x332.png 1024w, https:\/\/www.cipemu.org.uy\/wp-content\/uploads\/2025\/12\/horizontal-blanco-768x249.png 768w, https:\/\/www.cipemu.org.uy\/wp-content\/uploads\/2025\/12\/horizontal-blanco.png 1292w\" sizes=\"(max-width: 300px) 100vw, 300px\" \/>\t\t\t\t\t\t\t\t\t\t\t\t\t\t\t<\/div>\n\t\t\t\t<\/div>\n\t\t\t\t\t<\/div>\n\t\t<\/div>\n\t\t\t\t<div class=\"elementor-column elementor-col-33 elementor-top-column elementor-element elementor-element-a738559\" data-id=\"a738559\" data-element_type=\"column\">\n\t\t\t<div class=\"elementor-widget-wrap elementor-element-populated\">\n\t\t\t\t\t\t<div class=\"elementor-element elementor-element-7f9ee3b elementor-mobile-align-center elementor-icon-list--layout-traditional elementor-list-item-link-full_width elementor-widget elementor-widget-icon-list\" data-id=\"7f9ee3b\" data-element_type=\"widget\" data-widget_type=\"icon-list.default\">\n\t\t\t\t<div class=\"elementor-widget-container\">\n\t\t\t\t\t\t\t<ul class=\"elementor-icon-list-items\">\n\t\t\t\t\t\t\t<li class=\"elementor-icon-list-item\">\n\t\t\t\t\t\t\t\t\t\t\t<span class=\"elementor-icon-list-icon\">\n\t\t\t\t\t\t\t<i aria-hidden=\"true\" class=\"fab fa-whatsapp\"><\/i>\t\t\t\t\t\t<\/span>\n\t\t\t\t\t\t\t\t\t\t<span class=\"elementor-icon-list-text\"><a href=\"https:\/\/api.whatsapp.com\/send?phone=598096383396&amp;text=%20\" target=\"_blank\" rel=\"noopener\">+598 96 383 396<\/a><\/span>\n\t\t\t\t\t\t\t\t\t<\/li>\n\t\t\t\t\t\t<\/ul>\n\t\t\t\t\t\t<\/div>\n\t\t\t\t<\/div>\n\t\t\t\t<div class=\"elementor-element elementor-element-d087087 elementor-widget elementor-widget-text-editor\" data-id=\"d087087\" data-element_type=\"widget\" data-widget_type=\"text-editor.default\">\n\t\t\t\t<div class=\"elementor-widget-container\">\n\t\t\t\t\t\t\t\t\t<p><a href=\"mailto:cipemupunta@gmail.com\">cipemupunta@gmail.com<\/a><\/p><p><a href=\"https:\/\/goo.gl\/maps\/JxRSuLAAyvZixUtt9\" target=\"_blank\" rel=\"noopener\">Direcci\u00f3n: Patagonia (casi Boulevard Artigas) <br \/>20100 Punta del Este, Departamento de Maldonado Uruguay<\/a><\/p>\t\t\t\t\t\t\t\t<\/div>\n\t\t\t\t<\/div>\n\t\t\t\t\t<\/div>\n\t\t<\/div>\n\t\t\t\t<div class=\"elementor-column elementor-col-33 elementor-top-column elementor-element elementor-element-cc27d1a\" data-id=\"cc27d1a\" data-element_type=\"column\">\n\t\t\t<div class=\"elementor-widget-wrap elementor-element-populated\">\n\t\t\t\t\t\t<section class=\"elementor-section elementor-inner-section elementor-element elementor-element-15d0681 elementor-section-boxed elementor-section-height-default elementor-section-height-default\" data-id=\"15d0681\" data-element_type=\"section\">\n\t\t\t\t\t\t<div class=\"elementor-container elementor-column-gap-default\">\n\t\t\t\t\t<div class=\"elementor-column elementor-col-50 elementor-inner-column elementor-element elementor-element-c3d6d43\" data-id=\"c3d6d43\" data-element_type=\"column\">\n\t\t\t<div class=\"elementor-widget-wrap elementor-element-populated\">\n\t\t\t\t\t\t<div class=\"elementor-element elementor-element-d177f60 elementor-view-default elementor-widget elementor-widget-icon\" data-id=\"d177f60\" data-element_type=\"widget\" data-widget_type=\"icon.default\">\n\t\t\t\t<div class=\"elementor-widget-container\">\n\t\t\t\t\t\t\t<div class=\"elementor-icon-wrapper\">\n\t\t\t<a class=\"elementor-icon\" href=\"https:\/\/www.facebook.com\/Cipemu-104539848851506\" target=\"_blank\">\n\t\t\t<i aria-hidden=\"true\" class=\"fab fa-facebook\"><\/i>\t\t\t<\/a>\n\t\t<\/div>\n\t\t\t\t\t\t<\/div>\n\t\t\t\t<\/div>\n\t\t\t\t\t<\/div>\n\t\t<\/div>\n\t\t\t\t<div class=\"elementor-column elementor-col-50 elementor-inner-column elementor-element elementor-element-26af226\" data-id=\"26af226\" data-element_type=\"column\">\n\t\t\t<div class=\"elementor-widget-wrap elementor-element-populated\">\n\t\t\t\t\t\t<div class=\"elementor-element elementor-element-6646c32 elementor-view-default elementor-widget elementor-widget-icon\" data-id=\"6646c32\" data-element_type=\"widget\" data-widget_type=\"icon.default\">\n\t\t\t\t<div class=\"elementor-widget-container\">\n\t\t\t\t\t\t\t<div class=\"elementor-icon-wrapper\">\n\t\t\t<a class=\"elementor-icon\" href=\"https:\/\/www.instagram.com\/cipemu\/?hl=es\" target=\"_blank\">\n\t\t\t<i aria-hidden=\"true\" class=\"fab fa-instagram\"><\/i>\t\t\t<\/a>\n\t\t<\/div>\n\t\t\t\t\t\t<\/div>\n\t\t\t\t<\/div>\n\t\t\t\t\t<\/div>\n\t\t<\/div>\n\t\t\t\t\t<\/div>\n\t\t<\/section>\n\t\t\t\t\t<\/div>\n\t\t<\/div>\n\t\t\t\t\t<\/div>\n\t\t<\/section>\n\t\t\t\t<\/div>\n\t\t","protected":false},"excerpt":{"rendered":"<p>\u00bfQui\u00e9nes somos? Somos la Comunidad Israelita de Punta del Este, Maldonado, Uruguay. Fruto del sue\u00f1o de unos pocos audaces, la Comunidad vi\u00f3 la luz en plena crisis del a\u00f1o 2002 y de all\u00ed en adelante, se ha convertido en un espacio de interacci\u00f3n y referencia para los jud\u00edos que tienen a Maldonado como uno de [&hellip;]<\/p>\n","protected":false},"author":1,"featured_media":0,"parent":0,"menu_order":0,"comment_status":"closed","ping_status":"closed","template":"elementor_header_footer","meta":{"_joinchat":[],"footnotes":""},"class_list":["post-1271","page","type-page","status-publish","hentry"],"yoast_head":"<!-- This site is optimized with the Yoast SEO plugin v26.6 - https:\/\/yoast.com\/wordpress\/plugins\/seo\/ -->\n<title>Institucional 2025 - Cipemu<\/title>\n<meta name=\"robots\" content=\"index, follow, max-snippet:-1, max-image-preview:large, max-video-preview:-1\" \/>\n<link rel=\"canonical\" href=\"https:\/\/www.cipemu.org.uy\/?page_id=1271\" \/>\n<meta property=\"og:locale\" content=\"es_ES\" \/>\n<meta property=\"og:type\" content=\"article\" \/>\n<meta property=\"og:title\" content=\"Institucional 2025 - Cipemu\" \/>\n<meta property=\"og:description\" content=\"\u00bfQui\u00e9nes somos? Somos la Comunidad Israelita de Punta del Este, Maldonado, Uruguay. Fruto del sue\u00f1o de unos pocos audaces, la Comunidad vi\u00f3 la luz en plena crisis del a\u00f1o 2002 y de all\u00ed en adelante, se ha convertido en un espacio de interacci\u00f3n y referencia para los jud\u00edos que tienen a Maldonado como uno de [&hellip;]\" \/>\n<meta property=\"og:url\" content=\"https:\/\/www.cipemu.org.uy\/?page_id=1271\" \/>\n<meta property=\"og:site_name\" content=\"Cipemu\" \/>\n<meta property=\"article:publisher\" content=\"https:\/\/www.facebook.com\/Cipemu-104539848851506\" \/>\n<meta property=\"article:modified_time\" content=\"2025-12-23T15:46:21+00:00\" \/>\n<meta property=\"og:image\" content=\"https:\/\/www.cipemu.org.uy\/wp-content\/uploads\/2025\/12\/Banners_Header-Quienes-somos-1.jpg\" \/>\n\t<meta property=\"og:image:width\" content=\"1921\" \/>\n\t<meta property=\"og:image:height\" content=\"336\" \/>\n\t<meta property=\"og:image:type\" content=\"image\/jpeg\" \/>\n<meta name=\"twitter:card\" content=\"summary_large_image\" \/>\n<meta name=\"twitter:label1\" content=\"Tiempo de lectura\" \/>\n\t<meta name=\"twitter:data1\" content=\"2 minutos\" \/>\n<script type=\"application\/ld+json\" class=\"yoast-schema-graph\">{\"@context\":\"https:\/\/schema.org\",\"@graph\":[{\"@type\":\"WebPage\",\"@id\":\"https:\/\/www.cipemu.org.uy\/?page_id=1271\",\"url\":\"https:\/\/www.cipemu.org.uy\/?page_id=1271\",\"name\":\"Institucional 2025 - Cipemu\",\"isPartOf\":{\"@id\":\"https:\/\/www.cipemu.org.uy\/#website\"},\"primaryImageOfPage\":{\"@id\":\"https:\/\/www.cipemu.org.uy\/?page_id=1271#primaryimage\"},\"image\":{\"@id\":\"https:\/\/www.cipemu.org.uy\/?page_id=1271#primaryimage\"},\"thumbnailUrl\":\"https:\/\/www.cipemu.org.uy\/wp-content\/uploads\/2025\/12\/Banners_Header-Quienes-somos-1.jpg\",\"datePublished\":\"2025-12-23T13:06:18+00:00\",\"dateModified\":\"2025-12-23T15:46:21+00:00\",\"breadcrumb\":{\"@id\":\"https:\/\/www.cipemu.org.uy\/?page_id=1271#breadcrumb\"},\"inLanguage\":\"es\",\"potentialAction\":[{\"@type\":\"ReadAction\",\"target\":[\"https:\/\/www.cipemu.org.uy\/?page_id=1271\"]}]},{\"@type\":\"ImageObject\",\"inLanguage\":\"es\",\"@id\":\"https:\/\/www.cipemu.org.uy\/?page_id=1271#primaryimage\",\"url\":\"https:\/\/www.cipemu.org.uy\/wp-content\/uploads\/2025\/12\/Banners_Header-Quienes-somos-1.jpg\",\"contentUrl\":\"https:\/\/www.cipemu.org.uy\/wp-content\/uploads\/2025\/12\/Banners_Header-Quienes-somos-1.jpg\",\"width\":1921,\"height\":336},{\"@type\":\"BreadcrumbList\",\"@id\":\"https:\/\/www.cipemu.org.uy\/?page_id=1271#breadcrumb\",\"itemListElement\":[{\"@type\":\"ListItem\",\"position\":1,\"name\":\"Portada\",\"item\":\"https:\/\/www.cipemu.org.uy\/\"},{\"@type\":\"ListItem\",\"position\":2,\"name\":\"Institucional 2025\"}]},{\"@type\":\"WebSite\",\"@id\":\"https:\/\/www.cipemu.org.uy\/#website\",\"url\":\"https:\/\/www.cipemu.org.uy\/\",\"name\":\"Cipemu\",\"description\":\"Comunidad Israelita Punta del Este Maldonado Uruguay.\",\"publisher\":{\"@id\":\"https:\/\/www.cipemu.org.uy\/#organization\"},\"potentialAction\":[{\"@type\":\"SearchAction\",\"target\":{\"@type\":\"EntryPoint\",\"urlTemplate\":\"https:\/\/www.cipemu.org.uy\/?s={search_term_string}\"},\"query-input\":{\"@type\":\"PropertyValueSpecification\",\"valueRequired\":true,\"valueName\":\"search_term_string\"}}],\"inLanguage\":\"es\"},{\"@type\":\"Organization\",\"@id\":\"https:\/\/www.cipemu.org.uy\/#organization\",\"name\":\"Cipemu\",\"url\":\"https:\/\/www.cipemu.org.uy\/\",\"logo\":{\"@type\":\"ImageObject\",\"inLanguage\":\"es\",\"@id\":\"https:\/\/www.cipemu.org.uy\/#\/schema\/logo\/image\/\",\"url\":\"https:\/\/www.cipemu.org.uy\/wp-content\/uploads\/2022\/06\/logo-cipemu.png\",\"contentUrl\":\"https:\/\/www.cipemu.org.uy\/wp-content\/uploads\/2022\/06\/logo-cipemu.png\",\"width\":165,\"height\":57,\"caption\":\"Cipemu\"},\"image\":{\"@id\":\"https:\/\/www.cipemu.org.uy\/#\/schema\/logo\/image\/\"},\"sameAs\":[\"https:\/\/www.facebook.com\/Cipemu-104539848851506\",\"https:\/\/www.instagram.com\/cipemu\/?hl=es\"]}]}<\/script>\n<!-- \/ Yoast SEO plugin. -->","yoast_head_json":{"title":"Institucional 2025 - Cipemu","robots":{"index":"index","follow":"follow","max-snippet":"max-snippet:-1","max-image-preview":"max-image-preview:large","max-video-preview":"max-video-preview:-1"},"canonical":"https:\/\/www.cipemu.org.uy\/?page_id=1271","og_locale":"es_ES","og_type":"article","og_title":"Institucional 2025 - Cipemu","og_description":"\u00bfQui\u00e9nes somos? Somos la Comunidad Israelita de Punta del Este, Maldonado, Uruguay. Fruto del sue\u00f1o de unos pocos audaces, la Comunidad vi\u00f3 la luz en plena crisis del a\u00f1o 2002 y de all\u00ed en adelante, se ha convertido en un espacio de interacci\u00f3n y referencia para los jud\u00edos que tienen a Maldonado como uno de [&hellip;]","og_url":"https:\/\/www.cipemu.org.uy\/?page_id=1271","og_site_name":"Cipemu","article_publisher":"https:\/\/www.facebook.com\/Cipemu-104539848851506","article_modified_time":"2025-12-23T15:46:21+00:00","og_image":[{"width":1921,"height":336,"url":"https:\/\/www.cipemu.org.uy\/wp-content\/uploads\/2025\/12\/Banners_Header-Quienes-somos-1.jpg","type":"image\/jpeg"}],"twitter_card":"summary_large_image","twitter_misc":{"Tiempo de lectura":"2 minutos"},"schema":{"@context":"https:\/\/schema.org","@graph":[{"@type":"WebPage","@id":"https:\/\/www.cipemu.org.uy\/?page_id=1271","url":"https:\/\/www.cipemu.org.uy\/?page_id=1271","name":"Institucional 2025 - Cipemu","isPartOf":{"@id":"https:\/\/www.cipemu.org.uy\/#website"},"primaryImageOfPage":{"@id":"https:\/\/www.cipemu.org.uy\/?page_id=1271#primaryimage"},"image":{"@id":"https:\/\/www.cipemu.org.uy\/?page_id=1271#primaryimage"},"thumbnailUrl":"https:\/\/www.cipemu.org.uy\/wp-content\/uploads\/2025\/12\/Banners_Header-Quienes-somos-1.jpg","datePublished":"2025-12-23T13:06:18+00:00","dateModified":"2025-12-23T15:46:21+00:00","breadcrumb":{"@id":"https:\/\/www.cipemu.org.uy\/?page_id=1271#breadcrumb"},"inLanguage":"es","potentialAction":[{"@type":"ReadAction","target":["https:\/\/www.cipemu.org.uy\/?page_id=1271"]}]},{"@type":"ImageObject","inLanguage":"es","@id":"https:\/\/www.cipemu.org.uy\/?page_id=1271#primaryimage","url":"https:\/\/www.cipemu.org.uy\/wp-content\/uploads\/2025\/12\/Banners_Header-Quienes-somos-1.jpg","contentUrl":"https:\/\/www.cipemu.org.uy\/wp-content\/uploads\/2025\/12\/Banners_Header-Quienes-somos-1.jpg","width":1921,"height":336},{"@type":"BreadcrumbList","@id":"https:\/\/www.cipemu.org.uy\/?page_id=1271#breadcrumb","itemListElement":[{"@type":"ListItem","position":1,"name":"Portada","item":"https:\/\/www.cipemu.org.uy\/"},{"@type":"ListItem","position":2,"name":"Institucional 2025"}]},{"@type":"WebSite","@id":"https:\/\/www.cipemu.org.uy\/#website","url":"https:\/\/www.cipemu.org.uy\/","name":"Cipemu","description":"Comunidad Israelita Punta del Este Maldonado Uruguay.","publisher":{"@id":"https:\/\/www.cipemu.org.uy\/#organization"},"potentialAction":[{"@type":"SearchAction","target":{"@type":"EntryPoint","urlTemplate":"https:\/\/www.cipemu.org.uy\/?s={search_term_string}"},"query-input":{"@type":"PropertyValueSpecification","valueRequired":true,"valueName":"search_term_string"}}],"inLanguage":"es"},{"@type":"Organization","@id":"https:\/\/www.cipemu.org.uy\/#organization","name":"Cipemu","url":"https:\/\/www.cipemu.org.uy\/","logo":{"@type":"ImageObject","inLanguage":"es","@id":"https:\/\/www.cipemu.org.uy\/#\/schema\/logo\/image\/","url":"https:\/\/www.cipemu.org.uy\/wp-content\/uploads\/2022\/06\/logo-cipemu.png","contentUrl":"https:\/\/www.cipemu.org.uy\/wp-content\/uploads\/2022\/06\/logo-cipemu.png","width":165,"height":57,"caption":"Cipemu"},"image":{"@id":"https:\/\/www.cipemu.org.uy\/#\/schema\/logo\/image\/"},"sameAs":["https:\/\/www.facebook.com\/Cipemu-104539848851506","https:\/\/www.instagram.com\/cipemu\/?hl=es"]}]}},"_links":{"self":[{"href":"https:\/\/www.cipemu.org.uy\/index.php?rest_route=\/wp\/v2\/pages\/1271","targetHints":{"allow":["GET"]}}],"collection":[{"href":"https:\/\/www.cipemu.org.uy\/index.php?rest_route=\/wp\/v2\/pages"}],"about":[{"href":"https:\/\/www.cipemu.org.uy\/index.php?rest_route=\/wp\/v2\/types\/page"}],"author":[{"embeddable":true,"href":"https:\/\/www.cipemu.org.uy\/index.php?rest_route=\/wp\/v2\/users\/1"}],"replies":[{"embeddable":true,"href":"https:\/\/www.cipemu.org.uy\/index.php?rest_route=%2Fwp%2Fv2%2Fcomments&post=1271"}],"version-history":[{"count":19,"href":"https:\/\/www.cipemu.org.uy\/index.php?rest_route=\/wp\/v2\/pages\/1271\/revisions"}],"predecessor-version":[{"id":1409,"href":"https:\/\/www.cipemu.org.uy\/index.php?rest_route=\/wp\/v2\/pages\/1271\/revisions\/1409"}],"wp:attachment":[{"href":"https:\/\/www.cipemu.org.uy\/index.php?rest_route=%2Fwp%2Fv2%2Fmedia&parent=1271"}],"curies":[{"name":"wp","href":"https:\/\/api.w.org\/{rel}","templated":true}]}}