{"id":365,"date":"2022-07-11T16:09:26","date_gmt":"2022-07-11T16:09:26","guid":{"rendered":"http:\/\/cipemu.great-site.net\/?page_id=365"},"modified":"2024-12-26T17:48:50","modified_gmt":"2024-12-26T17:48:50","slug":"comision-directiva","status":"publish","type":"page","link":"https:\/\/www.cipemu.org.uy\/?page_id=365","title":{"rendered":"Comisi\u00f3n Directiva"},"content":{"rendered":"\t\t<div data-elementor-type=\"wp-page\" data-elementor-id=\"365\" class=\"elementor elementor-365\" data-elementor-post-type=\"page\">\n\t\t\t\t\t\t<section class=\"elementor-section elementor-top-section elementor-element elementor-element-f263faa elementor-section-full_width elementor-section-height-default elementor-section-height-default\" data-id=\"f263faa\" data-element_type=\"section\" data-settings=\"{&quot;animation_mobile&quot;:&quot;fadeIn&quot;}\">\n\t\t\t\t\t\t<div class=\"elementor-container elementor-column-gap-no\">\n\t\t\t\t\t<div class=\"elementor-column elementor-col-100 elementor-top-column elementor-element elementor-element-0876695 elementor-hidden-desktop\" data-id=\"0876695\" data-element_type=\"column\">\n\t\t\t<div class=\"elementor-widget-wrap elementor-element-populated\">\n\t\t\t\t\t\t<div class=\"elementor-element elementor-element-f3007cf elementor-widget elementor-widget-image\" data-id=\"f3007cf\" data-element_type=\"widget\" data-widget_type=\"image.default\">\n\t\t\t\t<div class=\"elementor-widget-container\">\n\t\t\t\t\t\t\t\t\t\t\t\t\t\t\t<img fetchpriority=\"high\" decoding=\"async\" width=\"800\" height=\"149\" src=\"https:\/\/www.cipemu.org.uy\/wp-content\/uploads\/2022\/07\/mobile-2-02.jpg\" class=\"attachment-large size-large wp-image-441\" alt=\"\" \/>\t\t\t\t\t\t\t\t\t\t\t\t\t\t\t<\/div>\n\t\t\t\t<\/div>\n\t\t\t\t\t<\/div>\n\t\t<\/div>\n\t\t\t\t\t<\/div>\n\t\t<\/section>\n\t\t\t\t<section class=\"elementor-section elementor-top-section elementor-element elementor-element-cffcad6 elementor-section-full_width elementor-section-height-default elementor-section-height-default elementor-invisible\" data-id=\"cffcad6\" data-element_type=\"section\" data-settings=\"{&quot;animation&quot;:&quot;fadeIn&quot;}\">\n\t\t\t\t\t\t<div class=\"elementor-container elementor-column-gap-no\">\n\t\t\t\t\t<div class=\"elementor-column elementor-col-100 elementor-top-column elementor-element elementor-element-b12af82 elementor-hidden-tablet elementor-hidden-mobile\" data-id=\"b12af82\" data-element_type=\"column\">\n\t\t\t<div class=\"elementor-widget-wrap elementor-element-populated\">\n\t\t\t\t\t\t<div class=\"elementor-element elementor-element-0186d07 elementor-widget elementor-widget-image\" data-id=\"0186d07\" data-element_type=\"widget\" data-widget_type=\"image.default\">\n\t\t\t\t<div class=\"elementor-widget-container\">\n\t\t\t\t\t\t\t\t\t\t\t\t\t\t\t<img decoding=\"async\" width=\"1920\" height=\"355\" src=\"https:\/\/www.cipemu.org.uy\/wp-content\/uploads\/2022\/07\/somos-2-01-1.jpg\" class=\"attachment-full size-full wp-image-436\" alt=\"\" \/>\t\t\t\t\t\t\t\t\t\t\t\t\t\t\t<\/div>\n\t\t\t\t<\/div>\n\t\t\t\t\t<\/div>\n\t\t<\/div>\n\t\t\t\t\t<\/div>\n\t\t<\/section>\n\t\t\t\t<section class=\"elementor-section elementor-top-section elementor-element elementor-element-03104c3 elementor-section-boxed elementor-section-height-default elementor-section-height-default elementor-invisible\" data-id=\"03104c3\" data-element_type=\"section\" data-settings=\"{&quot;animation&quot;:&quot;fadeInLeft&quot;}\">\n\t\t\t\t\t\t<div class=\"elementor-container elementor-column-gap-default\">\n\t\t\t\t\t<div class=\"elementor-column elementor-col-100 elementor-top-column elementor-element elementor-element-b69cfbb\" data-id=\"b69cfbb\" data-element_type=\"column\">\n\t\t\t<div class=\"elementor-widget-wrap elementor-element-populated\">\n\t\t\t\t\t\t<div class=\"elementor-element elementor-element-1db702d elementor-hidden-tablet elementor-hidden-mobile elementor-widget elementor-widget-spacer\" data-id=\"1db702d\" data-element_type=\"widget\" data-widget_type=\"spacer.default\">\n\t\t\t\t<div class=\"elementor-widget-container\">\n\t\t\t\t\t\t\t<div class=\"elementor-spacer\">\n\t\t\t<div class=\"elementor-spacer-inner\"><\/div>\n\t\t<\/div>\n\t\t\t\t\t\t<\/div>\n\t\t\t\t<\/div>\n\t\t\t\t<div class=\"elementor-element elementor-element-2adbcf9 elementor-widget elementor-widget-text-editor\" data-id=\"2adbcf9\" data-element_type=\"widget\" data-widget_type=\"text-editor.default\">\n\t\t\t\t<div class=\"elementor-widget-container\">\n\t\t\t\t\t\t\t\t\t<h2><span style=\"font-weight: bold;\">COMISI\u00d3N DIRECTIVA<\/span><\/h2><div><p data-pm-slice=\"1 1 []\">Gustavo Moch\u00f3n &#8211; Presidente<\/p><p data-pm-slice=\"1 1 []\">Michel Tobal &#8211; Vicepresidente<\/p><p>Fernando Kiguel &#8211; Secretario<\/p><p>Dario Rosenzvit &#8211; Tesorero<\/p><p>Norberto Woslavsky &#8211; Pro tesorero<\/p><\/div>\t\t\t\t\t\t\t\t<\/div>\n\t\t\t\t<\/div>\n\t\t\t\t<div class=\"elementor-element elementor-element-0b13feb elementor-widget elementor-widget-spacer\" data-id=\"0b13feb\" data-element_type=\"widget\" data-widget_type=\"spacer.default\">\n\t\t\t\t<div class=\"elementor-widget-container\">\n\t\t\t\t\t\t\t<div class=\"elementor-spacer\">\n\t\t\t<div class=\"elementor-spacer-inner\"><\/div>\n\t\t<\/div>\n\t\t\t\t\t\t<\/div>\n\t\t\t\t<\/div>\n\t\t\t\t<div class=\"elementor-element elementor-element-ba4e00f elementor-align-center elementor-widget elementor-widget-button\" data-id=\"ba4e00f\" data-element_type=\"widget\" data-widget_type=\"button.default\">\n\t\t\t\t<div class=\"elementor-widget-container\">\n\t\t\t\t\t\t\t\t\t<div class=\"elementor-button-wrapper\">\n\t\t\t\t\t<a class=\"elementor-button elementor-button-link elementor-size-sm elementor-animation-shrink\" href=\"https:\/\/www.cipemu.org.uy\/?page_id=14\">\n\t\t\t\t\t\t<span class=\"elementor-button-content-wrapper\">\n\t\t\t\t\t\t\t\t\t<span class=\"elementor-button-text\">VOLVER<\/span>\n\t\t\t\t\t<\/span>\n\t\t\t\t\t<\/a>\n\t\t\t\t<\/div>\n\t\t\t\t\t\t\t\t<\/div>\n\t\t\t\t<\/div>\n\t\t\t\t<div class=\"elementor-element elementor-element-7d34a3b elementor-hidden-tablet elementor-hidden-mobile elementor-widget elementor-widget-spacer\" data-id=\"7d34a3b\" data-element_type=\"widget\" data-widget_type=\"spacer.default\">\n\t\t\t\t<div class=\"elementor-widget-container\">\n\t\t\t\t\t\t\t<div class=\"elementor-spacer\">\n\t\t\t<div class=\"elementor-spacer-inner\"><\/div>\n\t\t<\/div>\n\t\t\t\t\t\t<\/div>\n\t\t\t\t<\/div>\n\t\t\t\t\t<\/div>\n\t\t<\/div>\n\t\t\t\t\t<\/div>\n\t\t<\/section>\n\t\t\t\t<section class=\"elementor-section elementor-top-section elementor-element elementor-element-8b7108e elementor-section-boxed elementor-section-height-default elementor-section-height-default elementor-invisible\" data-id=\"8b7108e\" data-element_type=\"section\" data-settings=\"{&quot;background_background&quot;:&quot;classic&quot;,&quot;animation&quot;:&quot;fadeInUp&quot;}\">\n\t\t\t\t\t\t<div class=\"elementor-container elementor-column-gap-default\">\n\t\t\t\t\t<div class=\"elementor-column elementor-col-33 elementor-top-column elementor-element elementor-element-f5a7950\" data-id=\"f5a7950\" data-element_type=\"column\">\n\t\t\t<div class=\"elementor-widget-wrap elementor-element-populated\">\n\t\t\t\t\t\t<div class=\"elementor-element elementor-element-6924402 elementor-widget elementor-widget-image\" data-id=\"6924402\" data-element_type=\"widget\" data-widget_type=\"image.default\">\n\t\t\t\t<div class=\"elementor-widget-container\">\n\t\t\t\t\t\t\t\t\t\t\t\t\t\t\t<img decoding=\"async\" width=\"300\" height=\"103\" src=\"https:\/\/www.cipemu.org.uy\/wp-content\/uploads\/2023\/03\/Logo-Cipemu-blanco-300x103.png\" class=\"attachment-medium size-medium wp-image-1164\" alt=\"\" srcset=\"https:\/\/www.cipemu.org.uy\/wp-content\/uploads\/2023\/03\/Logo-Cipemu-blanco-300x103.png 300w, https:\/\/www.cipemu.org.uy\/wp-content\/uploads\/2023\/03\/Logo-Cipemu-blanco-1024x350.png 1024w, https:\/\/www.cipemu.org.uy\/wp-content\/uploads\/2023\/03\/Logo-Cipemu-blanco-768x263.png 768w, https:\/\/www.cipemu.org.uy\/wp-content\/uploads\/2023\/03\/Logo-Cipemu-blanco.png 1412w\" sizes=\"(max-width: 300px) 100vw, 300px\" \/>\t\t\t\t\t\t\t\t\t\t\t\t\t\t\t<\/div>\n\t\t\t\t<\/div>\n\t\t\t\t\t<\/div>\n\t\t<\/div>\n\t\t\t\t<div class=\"elementor-column elementor-col-33 elementor-top-column elementor-element elementor-element-72ab09d\" data-id=\"72ab09d\" data-element_type=\"column\">\n\t\t\t<div class=\"elementor-widget-wrap elementor-element-populated\">\n\t\t\t\t\t\t<div class=\"elementor-element elementor-element-99fb5f0 elementor-mobile-align-center elementor-icon-list--layout-traditional elementor-list-item-link-full_width elementor-widget elementor-widget-icon-list\" data-id=\"99fb5f0\" data-element_type=\"widget\" data-widget_type=\"icon-list.default\">\n\t\t\t\t<div class=\"elementor-widget-container\">\n\t\t\t\t\t\t\t<ul class=\"elementor-icon-list-items\">\n\t\t\t\t\t\t\t<li class=\"elementor-icon-list-item\">\n\t\t\t\t\t\t\t\t\t\t\t<span class=\"elementor-icon-list-icon\">\n\t\t\t\t\t\t\t<i aria-hidden=\"true\" class=\"fab fa-whatsapp\"><\/i>\t\t\t\t\t\t<\/span>\n\t\t\t\t\t\t\t\t\t\t<span class=\"elementor-icon-list-text\"><a href=\"https:\/\/api.whatsapp.com\/send?phone=598096383396&amp;text=%20\" target=\"_blank\" rel=\"noopener\">+598 96 383 396<\/a><\/span>\n\t\t\t\t\t\t\t\t\t<\/li>\n\t\t\t\t\t\t<\/ul>\n\t\t\t\t\t\t<\/div>\n\t\t\t\t<\/div>\n\t\t\t\t<div class=\"elementor-element elementor-element-abb6d48 elementor-widget elementor-widget-text-editor\" data-id=\"abb6d48\" data-element_type=\"widget\" data-widget_type=\"text-editor.default\">\n\t\t\t\t<div class=\"elementor-widget-container\">\n\t\t\t\t\t\t\t\t\t<p>+598 4249 5700<br><\/p>\n<p><a href=\"mailto:cipemupunta@gmail.com\">cipemupunta@gmail.com<\/a><\/p>\n<p><a href=\"https:\/\/goo.gl\/maps\/JxRSuLAAyvZixUtt9\" target=\"_blank\" rel=\"noopener\">Direcci\u00f3n: Patagonia (casi Boulevard Artigas) <br>20100 Punta del Este, Departamento de Maldonado Uruguay<\/a><\/p>\t\t\t\t\t\t\t\t<\/div>\n\t\t\t\t<\/div>\n\t\t\t\t\t<\/div>\n\t\t<\/div>\n\t\t\t\t<div class=\"elementor-column elementor-col-33 elementor-top-column elementor-element elementor-element-635306a\" data-id=\"635306a\" data-element_type=\"column\">\n\t\t\t<div class=\"elementor-widget-wrap elementor-element-populated\">\n\t\t\t\t\t\t<section class=\"elementor-section elementor-inner-section elementor-element elementor-element-47ce671 elementor-section-boxed elementor-section-height-default elementor-section-height-default\" data-id=\"47ce671\" data-element_type=\"section\">\n\t\t\t\t\t\t<div class=\"elementor-container elementor-column-gap-default\">\n\t\t\t\t\t<div class=\"elementor-column elementor-col-50 elementor-inner-column elementor-element elementor-element-7ebe42b\" data-id=\"7ebe42b\" data-element_type=\"column\">\n\t\t\t<div class=\"elementor-widget-wrap elementor-element-populated\">\n\t\t\t\t\t\t<div class=\"elementor-element elementor-element-20d8d23 elementor-view-default elementor-widget elementor-widget-icon\" data-id=\"20d8d23\" data-element_type=\"widget\" data-widget_type=\"icon.default\">\n\t\t\t\t<div class=\"elementor-widget-container\">\n\t\t\t\t\t\t\t<div class=\"elementor-icon-wrapper\">\n\t\t\t<a class=\"elementor-icon\" href=\"https:\/\/www.facebook.com\/Cipemu-104539848851506\" target=\"_blank\">\n\t\t\t<i aria-hidden=\"true\" class=\"fab fa-facebook\"><\/i>\t\t\t<\/a>\n\t\t<\/div>\n\t\t\t\t\t\t<\/div>\n\t\t\t\t<\/div>\n\t\t\t\t\t<\/div>\n\t\t<\/div>\n\t\t\t\t<div class=\"elementor-column elementor-col-50 elementor-inner-column elementor-element elementor-element-186d908\" data-id=\"186d908\" data-element_type=\"column\">\n\t\t\t<div class=\"elementor-widget-wrap elementor-element-populated\">\n\t\t\t\t\t\t<div class=\"elementor-element elementor-element-38b3d00 elementor-view-default elementor-widget elementor-widget-icon\" data-id=\"38b3d00\" data-element_type=\"widget\" data-widget_type=\"icon.default\">\n\t\t\t\t<div class=\"elementor-widget-container\">\n\t\t\t\t\t\t\t<div class=\"elementor-icon-wrapper\">\n\t\t\t<a class=\"elementor-icon\" href=\"https:\/\/www.instagram.com\/cipemu\/?hl=es\" target=\"_blank\">\n\t\t\t<i aria-hidden=\"true\" class=\"fab fa-instagram\"><\/i>\t\t\t<\/a>\n\t\t<\/div>\n\t\t\t\t\t\t<\/div>\n\t\t\t\t<\/div>\n\t\t\t\t\t<\/div>\n\t\t<\/div>\n\t\t\t\t\t<\/div>\n\t\t<\/section>\n\t\t\t\t\t<\/div>\n\t\t<\/div>\n\t\t\t\t\t<\/div>\n\t\t<\/section>\n\t\t\t\t<\/div>\n\t\t","protected":false},"excerpt":{"rendered":"<p>COMISI\u00d3N DIRECTIVA Gustavo Moch\u00f3n &#8211; Presidente Michel Tobal &#8211; Vicepresidente Fernando Kiguel &#8211; Secretario Dario Rosenzvit &#8211; Tesorero Norberto Woslavsky &#8211; Pro tesorero VOLVER +598 96 383 396 +598 4249 5700 cipemupunta@gmail.com Direcci\u00f3n: Patagonia (casi Boulevard Artigas) 20100 Punta del Este, Departamento de Maldonado Uruguay<\/p>\n","protected":false},"author":1,"featured_media":0,"parent":0,"menu_order":0,"comment_status":"closed","ping_status":"closed","template":"","meta":{"_joinchat":[],"footnotes":""},"class_list":["post-365","page","type-page","status-publish","hentry"],"yoast_head":"<!-- This site is optimized with the Yoast SEO plugin v26.6 - https:\/\/yoast.com\/wordpress\/plugins\/seo\/ -->\n<title>Comisi\u00f3n Directiva - Cipemu<\/title>\n<meta name=\"robots\" content=\"index, follow, max-snippet:-1, max-image-preview:large, max-video-preview:-1\" \/>\n<link rel=\"canonical\" href=\"https:\/\/www.cipemu.org.uy\/?page_id=365\" \/>\n<meta property=\"og:locale\" content=\"es_ES\" \/>\n<meta property=\"og:type\" content=\"article\" \/>\n<meta property=\"og:title\" content=\"Comisi\u00f3n Directiva - Cipemu\" \/>\n<meta property=\"og:description\" content=\"COMISI\u00d3N DIRECTIVA Gustavo Moch\u00f3n &#8211; Presidente Michel Tobal &#8211; Vicepresidente Fernando Kiguel &#8211; Secretario Dario Rosenzvit &#8211; Tesorero Norberto Woslavsky &#8211; Pro tesorero VOLVER +598 96 383 396 +598 4249 5700 cipemupunta@gmail.com Direcci\u00f3n: Patagonia (casi Boulevard Artigas) 20100 Punta del Este, Departamento de Maldonado Uruguay\" \/>\n<meta property=\"og:url\" content=\"https:\/\/www.cipemu.org.uy\/?page_id=365\" \/>\n<meta property=\"og:site_name\" content=\"Cipemu\" \/>\n<meta property=\"article:publisher\" content=\"https:\/\/www.facebook.com\/Cipemu-104539848851506\" \/>\n<meta property=\"article:modified_time\" content=\"2024-12-26T17:48:50+00:00\" \/>\n<meta property=\"og:image\" content=\"https:\/\/www.cipemu.org.uy\/wp-content\/uploads\/2022\/07\/mobile-2-02.jpg\" \/>\n<meta name=\"twitter:card\" content=\"summary_large_image\" \/>\n<meta name=\"twitter:label1\" content=\"Tiempo de lectura\" \/>\n\t<meta name=\"twitter:data1\" content=\"1 minuto\" \/>\n<script type=\"application\/ld+json\" class=\"yoast-schema-graph\">{\"@context\":\"https:\/\/schema.org\",\"@graph\":[{\"@type\":\"WebPage\",\"@id\":\"https:\/\/www.cipemu.org.uy\/?page_id=365\",\"url\":\"https:\/\/www.cipemu.org.uy\/?page_id=365\",\"name\":\"Comisi\u00f3n Directiva - Cipemu\",\"isPartOf\":{\"@id\":\"https:\/\/www.cipemu.org.uy\/#website\"},\"primaryImageOfPage\":{\"@id\":\"https:\/\/www.cipemu.org.uy\/?page_id=365#primaryimage\"},\"image\":{\"@id\":\"https:\/\/www.cipemu.org.uy\/?page_id=365#primaryimage\"},\"thumbnailUrl\":\"https:\/\/www.cipemu.org.uy\/wp-content\/uploads\/2022\/07\/mobile-2-02.jpg\",\"datePublished\":\"2022-07-11T16:09:26+00:00\",\"dateModified\":\"2024-12-26T17:48:50+00:00\",\"breadcrumb\":{\"@id\":\"https:\/\/www.cipemu.org.uy\/?page_id=365#breadcrumb\"},\"inLanguage\":\"es\",\"potentialAction\":[{\"@type\":\"ReadAction\",\"target\":[\"https:\/\/www.cipemu.org.uy\/?page_id=365\"]}]},{\"@type\":\"ImageObject\",\"inLanguage\":\"es\",\"@id\":\"https:\/\/www.cipemu.org.uy\/?page_id=365#primaryimage\",\"url\":\"https:\/\/www.cipemu.org.uy\/wp-content\/uploads\/2022\/07\/mobile-2-02.jpg\",\"contentUrl\":\"https:\/\/www.cipemu.org.uy\/wp-content\/uploads\/2022\/07\/mobile-2-02.jpg\",\"width\":1922,\"height\":358},{\"@type\":\"BreadcrumbList\",\"@id\":\"https:\/\/www.cipemu.org.uy\/?page_id=365#breadcrumb\",\"itemListElement\":[{\"@type\":\"ListItem\",\"position\":1,\"name\":\"Portada\",\"item\":\"https:\/\/www.cipemu.org.uy\/\"},{\"@type\":\"ListItem\",\"position\":2,\"name\":\"Comisi\u00f3n Directiva\"}]},{\"@type\":\"WebSite\",\"@id\":\"https:\/\/www.cipemu.org.uy\/#website\",\"url\":\"https:\/\/www.cipemu.org.uy\/\",\"name\":\"Cipemu\",\"description\":\"Comunidad Israelita Punta del Este Maldonado Uruguay.\",\"publisher\":{\"@id\":\"https:\/\/www.cipemu.org.uy\/#organization\"},\"potentialAction\":[{\"@type\":\"SearchAction\",\"target\":{\"@type\":\"EntryPoint\",\"urlTemplate\":\"https:\/\/www.cipemu.org.uy\/?s={search_term_string}\"},\"query-input\":{\"@type\":\"PropertyValueSpecification\",\"valueRequired\":true,\"valueName\":\"search_term_string\"}}],\"inLanguage\":\"es\"},{\"@type\":\"Organization\",\"@id\":\"https:\/\/www.cipemu.org.uy\/#organization\",\"name\":\"Cipemu\",\"url\":\"https:\/\/www.cipemu.org.uy\/\",\"logo\":{\"@type\":\"ImageObject\",\"inLanguage\":\"es\",\"@id\":\"https:\/\/www.cipemu.org.uy\/#\/schema\/logo\/image\/\",\"url\":\"https:\/\/www.cipemu.org.uy\/wp-content\/uploads\/2022\/06\/logo-cipemu.png\",\"contentUrl\":\"https:\/\/www.cipemu.org.uy\/wp-content\/uploads\/2022\/06\/logo-cipemu.png\",\"width\":165,\"height\":57,\"caption\":\"Cipemu\"},\"image\":{\"@id\":\"https:\/\/www.cipemu.org.uy\/#\/schema\/logo\/image\/\"},\"sameAs\":[\"https:\/\/www.facebook.com\/Cipemu-104539848851506\",\"https:\/\/www.instagram.com\/cipemu\/?hl=es\"]}]}<\/script>\n<!-- \/ Yoast SEO plugin. -->","yoast_head_json":{"title":"Comisi\u00f3n Directiva - Cipemu","robots":{"index":"index","follow":"follow","max-snippet":"max-snippet:-1","max-image-preview":"max-image-preview:large","max-video-preview":"max-video-preview:-1"},"canonical":"https:\/\/www.cipemu.org.uy\/?page_id=365","og_locale":"es_ES","og_type":"article","og_title":"Comisi\u00f3n Directiva - Cipemu","og_description":"COMISI\u00d3N DIRECTIVA Gustavo Moch\u00f3n &#8211; Presidente Michel Tobal &#8211; Vicepresidente Fernando Kiguel &#8211; Secretario Dario Rosenzvit &#8211; Tesorero Norberto Woslavsky &#8211; Pro tesorero VOLVER +598 96 383 396 +598 4249 5700 cipemupunta@gmail.com Direcci\u00f3n: Patagonia (casi Boulevard Artigas) 20100 Punta del Este, Departamento de Maldonado Uruguay","og_url":"https:\/\/www.cipemu.org.uy\/?page_id=365","og_site_name":"Cipemu","article_publisher":"https:\/\/www.facebook.com\/Cipemu-104539848851506","article_modified_time":"2024-12-26T17:48:50+00:00","og_image":[{"url":"https:\/\/www.cipemu.org.uy\/wp-content\/uploads\/2022\/07\/mobile-2-02.jpg","type":"","width":"","height":""}],"twitter_card":"summary_large_image","twitter_misc":{"Tiempo de lectura":"1 minuto"},"schema":{"@context":"https:\/\/schema.org","@graph":[{"@type":"WebPage","@id":"https:\/\/www.cipemu.org.uy\/?page_id=365","url":"https:\/\/www.cipemu.org.uy\/?page_id=365","name":"Comisi\u00f3n Directiva - Cipemu","isPartOf":{"@id":"https:\/\/www.cipemu.org.uy\/#website"},"primaryImageOfPage":{"@id":"https:\/\/www.cipemu.org.uy\/?page_id=365#primaryimage"},"image":{"@id":"https:\/\/www.cipemu.org.uy\/?page_id=365#primaryimage"},"thumbnailUrl":"https:\/\/www.cipemu.org.uy\/wp-content\/uploads\/2022\/07\/mobile-2-02.jpg","datePublished":"2022-07-11T16:09:26+00:00","dateModified":"2024-12-26T17:48:50+00:00","breadcrumb":{"@id":"https:\/\/www.cipemu.org.uy\/?page_id=365#breadcrumb"},"inLanguage":"es","potentialAction":[{"@type":"ReadAction","target":["https:\/\/www.cipemu.org.uy\/?page_id=365"]}]},{"@type":"ImageObject","inLanguage":"es","@id":"https:\/\/www.cipemu.org.uy\/?page_id=365#primaryimage","url":"https:\/\/www.cipemu.org.uy\/wp-content\/uploads\/2022\/07\/mobile-2-02.jpg","contentUrl":"https:\/\/www.cipemu.org.uy\/wp-content\/uploads\/2022\/07\/mobile-2-02.jpg","width":1922,"height":358},{"@type":"BreadcrumbList","@id":"https:\/\/www.cipemu.org.uy\/?page_id=365#breadcrumb","itemListElement":[{"@type":"ListItem","position":1,"name":"Portada","item":"https:\/\/www.cipemu.org.uy\/"},{"@type":"ListItem","position":2,"name":"Comisi\u00f3n Directiva"}]},{"@type":"WebSite","@id":"https:\/\/www.cipemu.org.uy\/#website","url":"https:\/\/www.cipemu.org.uy\/","name":"Cipemu","description":"Comunidad Israelita Punta del Este Maldonado Uruguay.","publisher":{"@id":"https:\/\/www.cipemu.org.uy\/#organization"},"potentialAction":[{"@type":"SearchAction","target":{"@type":"EntryPoint","urlTemplate":"https:\/\/www.cipemu.org.uy\/?s={search_term_string}"},"query-input":{"@type":"PropertyValueSpecification","valueRequired":true,"valueName":"search_term_string"}}],"inLanguage":"es"},{"@type":"Organization","@id":"https:\/\/www.cipemu.org.uy\/#organization","name":"Cipemu","url":"https:\/\/www.cipemu.org.uy\/","logo":{"@type":"ImageObject","inLanguage":"es","@id":"https:\/\/www.cipemu.org.uy\/#\/schema\/logo\/image\/","url":"https:\/\/www.cipemu.org.uy\/wp-content\/uploads\/2022\/06\/logo-cipemu.png","contentUrl":"https:\/\/www.cipemu.org.uy\/wp-content\/uploads\/2022\/06\/logo-cipemu.png","width":165,"height":57,"caption":"Cipemu"},"image":{"@id":"https:\/\/www.cipemu.org.uy\/#\/schema\/logo\/image\/"},"sameAs":["https:\/\/www.facebook.com\/Cipemu-104539848851506","https:\/\/www.instagram.com\/cipemu\/?hl=es"]}]}},"_links":{"self":[{"href":"https:\/\/www.cipemu.org.uy\/index.php?rest_route=\/wp\/v2\/pages\/365","targetHints":{"allow":["GET"]}}],"collection":[{"href":"https:\/\/www.cipemu.org.uy\/index.php?rest_route=\/wp\/v2\/pages"}],"about":[{"href":"https:\/\/www.cipemu.org.uy\/index.php?rest_route=\/wp\/v2\/types\/page"}],"author":[{"embeddable":true,"href":"https:\/\/www.cipemu.org.uy\/index.php?rest_route=\/wp\/v2\/users\/1"}],"replies":[{"embeddable":true,"href":"https:\/\/www.cipemu.org.uy\/index.php?rest_route=%2Fwp%2Fv2%2Fcomments&post=365"}],"version-history":[{"count":121,"href":"https:\/\/www.cipemu.org.uy\/index.php?rest_route=\/wp\/v2\/pages\/365\/revisions"}],"predecessor-version":[{"id":1258,"href":"https:\/\/www.cipemu.org.uy\/index.php?rest_route=\/wp\/v2\/pages\/365\/revisions\/1258"}],"wp:attachment":[{"href":"https:\/\/www.cipemu.org.uy\/index.php?rest_route=%2Fwp%2Fv2%2Fmedia&parent=365"}],"curies":[{"name":"wp","href":"https:\/\/api.w.org\/{rel}","templated":true}]}}